{"id":1916,"date":"2019-03-06T22:26:52","date_gmt":"2019-03-06T20:26:52","guid":{"rendered":"http:\/\/www.anitawesterholm.fi\/fi\/?page_id=1916"},"modified":"2019-03-07T14:09:57","modified_gmt":"2019-03-07T12:09:57","slug":"avustuksia-kampanjakassaan","status":"publish","type":"page","link":"http:\/\/www.anitawesterholm.fi\/fi\/team-anita\/avustuksia-kampanjakassaan\/","title":{"rendered":"Avustuksia kampanjakassaan"},"content":{"rendered":"\n<p>Olen ehdolla eduskuntavaaleissa koska haluan, ett\u00e4 Suomesta tulisi \nyritt\u00e4j\u00e4yst\u00e4v\u00e4llisempi, hyvinvoivampi ja tasa-arvoisempi. Haluan, ett\u00e4 \njokainen tuntee itsens\u00e4 arvokkaaksi, osalliseksi ja turvalliseksi. \nHaluan l\u00e4hinn\u00e4 keskitty\u00e4 ty\u00f6llisyys- ja hyvinvointikysymyksiin, poliisi-\n ja oikeusj\u00e4rjestelm\u00e4\u00e4n sek\u00e4 lains\u00e4\u00e4d\u00e4nt\u00f6\u00f6n liittyviin kysymyksiin. <\/p>\n\n\n\n<p>Menestyksekk\u00e4\u00e4n\n kampanjan aikaansaaminen vaatii paitsi oman tiimini ty\u00f6panosta, my\u00f6s \nkampanjakassan, joka mahdollistaa n\u00e4kyv\u00e4n vaalikampanjan. Yhdess\u00e4 \ntekem\u00e4ll\u00e4 p\u00e4\u00e4see pitk\u00e4lle. Olisiko sinulla mahdollisuutta ja \nkiinnostusta antaa avustusta kampanjakassaani? <\/p>\n\n\n\n<p>Mik\u00e4\u00e4n avustus ei \nole liian pieni, pienest\u00e4kin lahjoituksesta on paljon hy\u00f6ty\u00e4! Muutamalla\n eurolla voimme tehd\u00e4 inkiv\u00e4\u00e4rishotteja tai ostaa kahvipaketin \nvaalikokoukseen, tai markkinoida julkaisua sosiaalisissa medioissa ja \nn\u00e4in tavoittaa satoja ihmisi\u00e4. Haluatko osallistua arvojeni \nv\u00e4litt\u00e4miseen? Tilille FI95 1708 3500 2747 48 voi halutessaan l\u00e4hett\u00e4\u00e4 \navustuksia (vastaanottaja: Underst\u00f6dsf\u00f6reningen Team Anita). Erikseen on\n ilmoitettava kukin yksitt\u00e4inen tuki ja sen antaja, jos tuen arvo on \neduskuntavaaleissa v\u00e4hint\u00e4\u00e4n 1 500 euroa. <\/p>\n\n\n\n<p>Olet l\u00e4mpim\u00e4sti \ntervetullut osallistumaan kampanjaani! Ota yhteytt\u00e4 minuun tai \nkampanjap\u00e4\u00e4llikk\u00f6\u00f6ni Anki Benderiin (ankibender@gmail.com) jos haluat \nolla mukana. KIITOS kaikille, jotka kannustavat ja tukevat kampanjaani, \nse l\u00e4mmitt\u00e4\u00e4 syd\u00e4nt\u00e4ni. <\/p>\n\n\n\n<p>Anita<\/p>\n","protected":false},"excerpt":{"rendered":"<p>Olen ehdolla eduskuntavaaleissa koska haluan, ett\u00e4 Suomesta tulisi yritt\u00e4j\u00e4yst\u00e4v\u00e4llisempi, hyvinvoivampi ja tasa-arvoisempi. Haluan, ett\u00e4 jokainen tuntee itsens\u00e4 arvokkaaksi, osalliseksi ja turvalliseksi. Haluan l\u00e4hinn\u00e4 keskitty\u00e4 ty\u00f6llisyys- ja hyvinvointikysymyksiin, poliisi- ja oikeusj\u00e4rjestelm\u00e4\u00e4n sek\u00e4 lains\u00e4\u00e4d\u00e4nt\u00f6\u00f6n liittyviin kysymyksiin. Menestyksekk\u00e4\u00e4n kampanjan aikaansaaminen vaatii paitsi oman tiimini ty\u00f6panosta, my\u00f6s kampanjakassan, joka mahdollistaa n\u00e4kyv\u00e4n vaalikampanjan. Yhdess\u00e4 tekem\u00e4ll\u00e4 p\u00e4\u00e4see pitk\u00e4lle. Olisiko sinulla mahdollisuutta ja kiinnostusta antaa avustusta kampanjakassaani? Mik\u00e4\u00e4n avustus ei ole liian pieni, pienest\u00e4kin lahjoituksesta on paljon hy\u00f6ty\u00e4! Muutamalla eurolla voimme tehd\u00e4 inkiv\u00e4\u00e4rishotteja tai ostaa kahvipaketin vaalikokoukseen, [&hellip;]<\/p>\n","protected":false},"author":1,"featured_media":0,"parent":1877,"menu_order":0,"comment_status":"closed","ping_status":"closed","template":"","meta":{"footnotes":""},"class_list":["post-1916","page","type-page","status-publish","hentry"],"_links":{"self":[{"href":"http:\/\/www.anitawesterholm.fi\/fi\/wp-json\/wp\/v2\/pages\/1916","targetHints":{"allow":["GET"]}}],"collection":[{"href":"http:\/\/www.anitawesterholm.fi\/fi\/wp-json\/wp\/v2\/pages"}],"about":[{"href":"http:\/\/www.anitawesterholm.fi\/fi\/wp-json\/wp\/v2\/types\/page"}],"author":[{"embeddable":true,"href":"http:\/\/www.anitawesterholm.fi\/fi\/wp-json\/wp\/v2\/users\/1"}],"replies":[{"embeddable":true,"href":"http:\/\/www.anitawesterholm.fi\/fi\/wp-json\/wp\/v2\/comments?post=1916"}],"version-history":[{"count":2,"href":"http:\/\/www.anitawesterholm.fi\/fi\/wp-json\/wp\/v2\/pages\/1916\/revisions"}],"predecessor-version":[{"id":1943,"href":"http:\/\/www.anitawesterholm.fi\/fi\/wp-json\/wp\/v2\/pages\/1916\/revisions\/1943"}],"up":[{"embeddable":true,"href":"http:\/\/www.anitawesterholm.fi\/fi\/wp-json\/wp\/v2\/pages\/1877"}],"wp:attachment":[{"href":"http:\/\/www.anitawesterholm.fi\/fi\/wp-json\/wp\/v2\/media?parent=1916"}],"curies":[{"name":"wp","href":"https:\/\/api.w.org\/{rel}","templated":true}]}}