{"id":1890,"date":"2019-03-06T21:30:11","date_gmt":"2019-03-06T19:30:11","guid":{"rendered":"http:\/\/www.anitawesterholm.fi\/fi\/?page_id=1890"},"modified":"2025-04-04T09:53:27","modified_gmt":"2025-04-04T06:53:27","slug":"politiikka","status":"publish","type":"page","link":"http:\/\/www.anitawesterholm.fi\/fi\/politiikka\/","title":{"rendered":"Politiikka"},"content":{"rendered":"\n<p><strong>Tavoitteista tekoihin \u2013 m\u00e4\u00e4r\u00e4tietoisesti ja inhimillisesti<\/strong><\/p>\n\n\n\n<p>Molemmissa edess\u00e4 olevissa vaaleissa \u2013 kunta- ja aluevaaleissa \u2013 on kyse hyvinvoinnistamme ja turvallisuudestamme. Olen mukana politiikassa, koska haluan n\u00e4hd\u00e4 hyvinvoivan, kest\u00e4v\u00e4n ja tasa-arvoisen yhteiskunnan, jossa jokainen yksil\u00f6 kokee itsens\u00e4 arvokkaaksi, osalliseksi ja turvalliseksi. Alla kerron tarkemmin, mink\u00e4 eteen haluan ty\u00f6skennell\u00e4.<\/p>\n\n\n\n<p><strong>Parempaa, ihmisl\u00e4heist\u00e4 hoitoa L\u00e4nsi-Uudenmaan hyvinvointialueella<\/strong><\/p>\n\n\n\n<p>Haluan jatkaa ty\u00f6skentely\u00e4 raaseporilaisten ja l\u00e4nsi-uusimaalaisten etujen ja palveluiden puolesta. Kaikilla on oltava oikeus l\u00e4hipalveluihin, ja kielellisten oikeuksien puolustajia tarvitaan!<\/p>\n\n\n\n<p>Tavoitteena on, ett\u00e4 kaikille tarjotaan oikeaa hoitoa oikeaan aikaan, kohtuullisella et\u00e4isyydell\u00e4, ja tasavertaisesti suomeksi ja ruotsiksi. Meid\u00e4n on kehitett\u00e4v\u00e4 ennaltaehk\u00e4isevi\u00e4 palveluita ja varmistettava, ett\u00e4 tarpeellinen tuki, hoito ja huolenpito saadaan mahdollisimman varhain. Pitk\u00e4ll\u00e4 aikav\u00e4lill\u00e4 tavoitteena on, ett\u00e4 erikoissairaanhoitoon k\u00e4ytett\u00e4v\u00e4 osuus budjetista pienenee, ja keskityt\u00e4\u00e4n enemm\u00e4n ennaltaehk\u00e4isev\u00e4\u00e4n hoitoon ja perusterveydenhuoltoon. T\u00e4m\u00e4 ei kuitenkaan tapahdu hetkess\u00e4.<\/p>\n\n\n\n<p>Toiminnan tulisi perustua n\u00e4k\u00f6kulmaan, jossa n\u00e4hd\u00e4\u00e4n jokainen ihminen omana yksil\u00f6n\u00e4\u00e4n \u2013 riippumatta sukupuolesta, i\u00e4st\u00e4, toimintakyvyst\u00e4, taustasta tai muista vastaavista tekij\u00f6ist\u00e4.<\/p>\n\n\n\n<p>T\u00e4ss\u00e4 ovat 10 asiaa, joiden eteen haluan ty\u00f6skennell\u00e4 hyvinvointialueen valtuustossa:<\/p>\n\n\n\n<p>&#8211; Kynnys avun hakemiseen on oltava matala. Kaikkien on tiedett\u00e4v\u00e4, mihin k\u00e4\u00e4nty\u00e4, ja on tarjottava apua kohtuullisessa ajassa. Soittopyynt\u00f6j\u00e4rjestelm\u00e4n on oltava hyvin toimiva, ja digitaalisten j\u00e4rjestelmien on toimittava sujuvasti.<\/p>\n\n\n\n<p>&#8211; Tasa-arvoinen palvelu suomeksi ja ruotsiksi. Kansalliskielilautakunnan puheenjohtajana tunnen niin haasteet kuin ratkaisuehdotukset.<\/p>\n\n\n\n<p>&#8211; Tuttujen ihmisten antama hoito luo turvallisuutta. Vakituinen ja henkil\u00f6kohtainen yhteyshenkil\u00f6 edist\u00e4\u00e4 my\u00f6s kielellisi\u00e4 oikeuksia. Meid\u00e4n on jatkettava ty\u00f6t\u00e4 omal\u00e4\u00e4k\u00e4rimallien ja tiimimallien puolesta.<\/p>\n\n\n\n<p>&#8211; Digitaalisia ratkaisuja ja teknologiaa tulee&nbsp;kehitt\u00e4\u00e4 ja k\u00e4ytt\u00e4\u00e4. Henkil\u00f6st\u00f6n on saatava k\u00e4ytt\u00e4\u00e4 mahdollisimman paljon aikaa asiakas- ja potilasty\u00f6h\u00f6n.<\/p>\n\n\n\n<p>&#8211; Jokaisen raskauden ja synnytyksen on oltava turvallinen, jokaisen \u00e4idin ja perheen on my\u00f6s koettava ne turvallisiksi. Meid\u00e4n on panostettava lapsi- ja perhepalveluihin.<\/p>\n\n\n\n<p>&#8211; Mielenterveysongelmia on otettava vakavasti. Tarvitaan muun muassa matalan kynnyksen vastaanottoja ja riitt\u00e4v\u00e4sti koulupsykologeja.<\/p>\n\n\n\n<p>&#8211; Nopeat ja laadukkaat pelastuspalvelut on turvattava koko alueella. Ambulanssitoiminnan resursseja on vahvistettava! Alueellamme on lyhyess\u00e4 ajassa koettu useita eritt\u00e4in kielteisi\u00e4 muutoksia palveluverkostossa erityisesti erikoissairaanhoidon osalta, samalla kun ambulanssiresursseja v\u00e4hennet\u00e4\u00e4n. T\u00e4m\u00e4 on k\u00e4sitt\u00e4m\u00e4t\u00f6n kokonaisuus.<\/p>\n\n\n\n<p>&#8211; Naisiin kohdistuvan v\u00e4kivallan ennaltaehk\u00e4isev\u00e4n ty\u00f6n on oltava pitk\u00e4j\u00e4nteist\u00e4 ja systemaattista. V\u00e4kivallan uhreille on tarjottava riitt\u00e4v\u00e4sti tukipalveluja.<\/p>\n\n\n\n<p>&#8211; Ik\u00e4\u00e4ntyminen tulee olla turvallista. Kodeissa p\u00e4rj\u00e4\u00e4miseen tulee olla saatavilla riitt\u00e4v\u00e4sti palveluja, jonka lis\u00e4ksi meill\u00e4 tulee olla tarpeeksi yhteis\u00f6asumispaikkoja sek\u00e4 ymp\u00e4rivuorokautisia palveluasumispaikkoja.<\/p>\n\n\n\n<p>&#8211; Meid\u00e4n on edistett\u00e4v\u00e4 hyv\u00e4\u00e4 henkil\u00f6st\u00f6politiikkaa. L\u00e4nsi-Uudenmaan hyvinvointialueella meid\u00e4n on panostettava ty\u00f6hyvinvointiin ja ty\u00f6n organisointiin.<\/p>\n\n\n\n<p>&#8211; Raaseporin ja Lohjan sairaaloiden toimintaa tulee puolustaa<\/p>\n\n\n\n<p><strong>Raaseporissa jokaisen tulee tuntea olonsa turvalliseksi ja kokea kaupunkimme mahdollistavana<\/strong><\/p>\n\n\n\n<p>&#8211; Vahvistamme osallisuutta ja vuoropuhelua asukkaiden, yritysten, yhdistysten ja muiden yhteisty\u00f6kumppaneiden kanssa.<\/p>\n\n\n\n<p>&#8211; Jatkamme panostamista laadukkaaseen varhaiskasvatukseen ja koulutukseen.<\/p>\n\n\n\n<p>&#8211; Teemme yhteisty\u00f6t\u00e4 sek\u00e4 alueellisesti ett\u00e4 kunnan sis\u00e4ll\u00e4. Erityist\u00e4 painoa laitetaan yritt\u00e4jyyteen, elinkeinoel\u00e4m\u00e4\u00e4n ja siihen, miten voimme parhaiten yhdist\u00e4\u00e4 ty\u00f6llisyyspalvelut, koulutuksen ja elinkeinoel\u00e4m\u00e4n.<\/p>\n\n\n\n<p>&#8211; N\u00e4emme vihre\u00e4n siirtymisen mahdollisuutena, ja kaupungin energia- ja ilmastotavoitteet ovat kunnianhimoisia.<\/p>\n\n\n\n<p>&#8211; Panostamme urheiluun, liikuntaan ja muihin ennaltaehk\u00e4iseviin toimenpiteisiin.<\/p>\n\n\n\n<p>&#8211; Pitk\u00e4ll\u00e4 aikav\u00e4lill\u00e4 veroprosenttia alennetaan. Talouspolitiikkamme on taloudellisesti kest\u00e4v\u00e4\u00e4. Olemme ennakoivia emmek\u00e4 vain reagoi tilanteisiin, uskallamme tehd\u00e4 muutoksia. Lupaan ottaa vastuuta my\u00f6s silloin, kun se ei ole miellytt\u00e4v\u00e4\u00e4.<\/p>\n\n\n\n<p>&#8211; Panostamme viihtyvyyteen, kaupunkimme on kutsuva ja inklusiivinen.<\/p>\n","protected":false},"excerpt":{"rendered":"<p>Tavoitteista tekoihin \u2013 m\u00e4\u00e4r\u00e4tietoisesti ja inhimillisesti Molemmissa edess\u00e4 olevissa vaaleissa \u2013 kunta- ja aluevaaleissa \u2013 on kyse hyvinvoinnistamme ja turvallisuudestamme. Olen mukana politiikassa, koska haluan n\u00e4hd\u00e4 hyvinvoivan, kest\u00e4v\u00e4n ja tasa-arvoisen yhteiskunnan, jossa jokainen yksil\u00f6 kokee itsens\u00e4 arvokkaaksi, osalliseksi ja turvalliseksi. Alla kerron tarkemmin, mink\u00e4 eteen haluan ty\u00f6skennell\u00e4. Parempaa, ihmisl\u00e4heist\u00e4 hoitoa L\u00e4nsi-Uudenmaan hyvinvointialueella Haluan jatkaa ty\u00f6skentely\u00e4 raaseporilaisten ja l\u00e4nsi-uusimaalaisten etujen ja palveluiden puolesta. Kaikilla on oltava oikeus l\u00e4hipalveluihin, ja kielellisten oikeuksien puolustajia tarvitaan! Tavoitteena on, ett\u00e4 kaikille tarjotaan oikeaa hoitoa oikeaan [&hellip;]<\/p>\n","protected":false},"author":1,"featured_media":0,"parent":0,"menu_order":0,"comment_status":"closed","ping_status":"closed","template":"","meta":{"footnotes":""},"class_list":["post-1890","page","type-page","status-publish","hentry"],"_links":{"self":[{"href":"http:\/\/www.anitawesterholm.fi\/fi\/wp-json\/wp\/v2\/pages\/1890","targetHints":{"allow":["GET"]}}],"collection":[{"href":"http:\/\/www.anitawesterholm.fi\/fi\/wp-json\/wp\/v2\/pages"}],"about":[{"href":"http:\/\/www.anitawesterholm.fi\/fi\/wp-json\/wp\/v2\/types\/page"}],"author":[{"embeddable":true,"href":"http:\/\/www.anitawesterholm.fi\/fi\/wp-json\/wp\/v2\/users\/1"}],"replies":[{"embeddable":true,"href":"http:\/\/www.anitawesterholm.fi\/fi\/wp-json\/wp\/v2\/comments?post=1890"}],"version-history":[{"count":17,"href":"http:\/\/www.anitawesterholm.fi\/fi\/wp-json\/wp\/v2\/pages\/1890\/revisions"}],"predecessor-version":[{"id":2067,"href":"http:\/\/www.anitawesterholm.fi\/fi\/wp-json\/wp\/v2\/pages\/1890\/revisions\/2067"}],"wp:attachment":[{"href":"http:\/\/www.anitawesterholm.fi\/fi\/wp-json\/wp\/v2\/media?parent=1890"}],"curies":[{"name":"wp","href":"https:\/\/api.w.org\/{rel}","templated":true}]}}