{"id":1875,"date":"2019-03-06T20:53:52","date_gmt":"2019-03-06T18:53:52","guid":{"rendered":"http:\/\/www.anitawesterholm.fi\/fi\/?page_id=1875"},"modified":"2025-03-26T15:21:41","modified_gmt":"2025-03-26T13:21:41","slug":"anita","status":"publish","type":"page","link":"http:\/\/www.anitawesterholm.fi\/fi\/anita\/","title":{"rendered":"Anita"},"content":{"rendered":"\n<p>Kuka Anita Westerholm on?<\/p>\n\n\n\n<p>Ihanaa, ett\u00e4 l\u00f6ysit verkkosivustolleni. Olen Anita Westerholm ja pyyd\u00e4n uutta luottamusta kev\u00e4\u00e4n kunta- ja aluevaaleissa.<\/p>\n\n\n\n<p>Haluan vaikuttaa yhteiskuntaamme ja tulevaisuuteemme. Haluan kantaa vastuuta ja luoda yhdess\u00e4 tulevaisuudenuskoa. Haluan, ett\u00e4 ep\u00e4oikeudenmukaisesta saataisiin oikeudenmukaista, ett\u00e4 turvattomasta teht\u00e4isiin turvallista ja ett\u00e4 pahoinvoinnista p\u00e4\u00e4st\u00e4isiin hyvinvointiin. Teen t\u00f6it\u00e4 sosiaalisesti, taloudellisesti ja ekologisesti kest\u00e4v\u00e4n tulevaisuuden eteen. Kaikki muu on ep\u00e4oikeudenmukaista tulevia sukupolvia ajatellen. P\u00e4\u00e4t\u00f6ksenteon tulee olla kauaskantoista. Populismin ja polarisaation torjumiseksi tarvitsemme p\u00e4\u00e4tt\u00e4ji\u00e4, jotka v\u00e4sym\u00e4tt\u00e4 puolustavat vapautta, demokratiaa, oikeusvaltiota, turvallisuutta, tasa-arvoa, yhdenvertaisuutta ja osallisuutta. N\u00e4m\u00e4 ovat asiat, jotka motivoivat minua. Siksi olen aktiivinen politiikassa ja ehdolla kev\u00e4\u00e4n vaaleissa.<\/p>\n\n\n\n<p>Koulutukseltani olen oikeusnotaari ja tuleva juristi. Minulla on kokemusta politiikasta valtakunnalliselta, alueelliselta ja paikalliselta tasolta. Olen Raaseporin kaupunginvaltuutettu ja kaupunginhallituksen puheenjohtaja, L\u00e4nsi-Uudenmaan hyvinvointialueen valtuutettu ja kansalliskielilautakunnan puheenjohtaja sek\u00e4 vuodesta 2020 l\u00e4htien RKP:n naisj\u00e4rjest\u00f6n puheenjohtaja ja puoluehallituksen j\u00e4sen. Ty\u00f6skentelen opetusministeri, RKP:n puheenjohtaja Anders Adlercreutzin erityisavustajana ja vastuunalueisiini kuuluvat kysymykset liittyen toiseen asteeseen ja sosiaali- ja terveyshuoltoon. Olen ratkaisuorientoitunut ja vastuuta ottava, kuuntelen, teen yhteisty\u00f6t\u00e4 ja toimin suoraselk\u00e4isesti.<\/p>\n\n\n\n<p>Kiinnostuin jo hyvin nuorena siit\u00e4, miten itse voisin vaikuttaa ymp\u00e4rist\u00f6\u00f6ni ja tehd\u00e4 siit\u00e4 paremman. Niin kauan kuin voin muistaa, olen aina halunnut vaikuttaa ja tuoda oman mielipiteeni esille. Uskon siihen, ett\u00e4 m\u00e4\u00e4r\u00e4tietoisella osallistumisella voimme muuttaa ymp\u00e4rist\u00f6\u00e4mme. Yhdess\u00e4 tekemisess\u00e4 on todellinen voima \u2013 uskon, ett\u00e4 yhteisty\u00f6ll\u00e4 ja osallisuudella saavutamme parhaat tulokset.<\/p>\n\n\n\n<p>T\u00e4ll\u00e4 kertaa tied\u00e4n viel\u00e4 edellist\u00e4 kertaa paremmin, ett\u00e4 sill\u00e4 on v\u00e4li\u00e4, ketk\u00e4 ovat p\u00e4\u00e4tt\u00e4jin\u00e4 ja mitk\u00e4 arvot ovat johtavassa asemassa. Olen sit\u00e4 mielt\u00e4, ett\u00e4 hyv\u00e4t p\u00e4\u00e4t\u00f6kset perustuvat faktaan, hyv\u00e4\u00e4n yhteisty\u00f6h\u00f6n ja rehellisiin ja avoimiin keskusteluihin<\/p>\n\n\n\n<p>Olet syd\u00e4mellisesti tervetullut ottamaan minuun yhteytt\u00e4, jos sinulla on kysymyksi\u00e4 tai jos haluat jakaa omia ajatuksia ja mielipiteit\u00e4.<\/p>\n\n\n\n<p>Yst\u00e4v\u00e4llisin terveisin, <\/p>\n\n\n\n<p>Anita<\/p>\n","protected":false},"excerpt":{"rendered":"<p>Kuka Anita Westerholm on? Ihanaa, ett\u00e4 l\u00f6ysit verkkosivustolleni. Olen Anita Westerholm ja pyyd\u00e4n uutta luottamusta kev\u00e4\u00e4n kunta- ja aluevaaleissa. Haluan vaikuttaa yhteiskuntaamme ja tulevaisuuteemme. Haluan kantaa vastuuta ja luoda yhdess\u00e4 tulevaisuudenuskoa. Haluan, ett\u00e4 ep\u00e4oikeudenmukaisesta saataisiin oikeudenmukaista, ett\u00e4 turvattomasta teht\u00e4isiin turvallista ja ett\u00e4 pahoinvoinnista p\u00e4\u00e4st\u00e4isiin hyvinvointiin. Teen t\u00f6it\u00e4 sosiaalisesti, taloudellisesti ja ekologisesti kest\u00e4v\u00e4n tulevaisuuden eteen. Kaikki muu on ep\u00e4oikeudenmukaista tulevia sukupolvia ajatellen. P\u00e4\u00e4t\u00f6ksenteon tulee olla kauaskantoista. Populismin ja polarisaation torjumiseksi tarvitsemme p\u00e4\u00e4tt\u00e4ji\u00e4, jotka v\u00e4sym\u00e4tt\u00e4 puolustavat vapautta, demokratiaa, oikeusvaltiota, turvallisuutta, tasa-arvoa, yhdenvertaisuutta [&hellip;]<\/p>\n","protected":false},"author":1,"featured_media":0,"parent":0,"menu_order":0,"comment_status":"closed","ping_status":"closed","template":"","meta":{"footnotes":""},"class_list":["post-1875","page","type-page","status-publish","hentry"],"_links":{"self":[{"href":"http:\/\/www.anitawesterholm.fi\/fi\/wp-json\/wp\/v2\/pages\/1875","targetHints":{"allow":["GET"]}}],"collection":[{"href":"http:\/\/www.anitawesterholm.fi\/fi\/wp-json\/wp\/v2\/pages"}],"about":[{"href":"http:\/\/www.anitawesterholm.fi\/fi\/wp-json\/wp\/v2\/types\/page"}],"author":[{"embeddable":true,"href":"http:\/\/www.anitawesterholm.fi\/fi\/wp-json\/wp\/v2\/users\/1"}],"replies":[{"embeddable":true,"href":"http:\/\/www.anitawesterholm.fi\/fi\/wp-json\/wp\/v2\/comments?post=1875"}],"version-history":[{"count":5,"href":"http:\/\/www.anitawesterholm.fi\/fi\/wp-json\/wp\/v2\/pages\/1875\/revisions"}],"predecessor-version":[{"id":2052,"href":"http:\/\/www.anitawesterholm.fi\/fi\/wp-json\/wp\/v2\/pages\/1875\/revisions\/2052"}],"wp:attachment":[{"href":"http:\/\/www.anitawesterholm.fi\/fi\/wp-json\/wp\/v2\/media?parent=1875"}],"curies":[{"name":"wp","href":"https:\/\/api.w.org\/{rel}","templated":true}]}}